{"id":2450,"date":"2021-10-27T13:09:27","date_gmt":"2021-10-27T16:09:27","guid":{"rendered":"https:\/\/wp.themedemo.org\/WCM07\/WCM070151\/?page_id=2450"},"modified":"2025-12-01T12:53:45","modified_gmt":"2025-12-01T15:53:45","slug":"contato","status":"publish","type":"page","link":"http:\/\/www.manzasushi.com.br\/sbc\/contato\/","title":{"rendered":"Contato"},"content":{"rendered":"\t\t<div data-elementor-type=\"wp-page\" data-elementor-id=\"2450\" class=\"elementor elementor-2450\">\n\t\t\t\t\t\t\t\t\t<div class=\"elementor-section elementor-top-section elementor-element elementor-element-d54199f elementor-section-boxed elementor-section-height-default elementor-section-height-default\" data-id=\"d54199f\" data-element_type=\"section\">\n\t\t\t\t\t\t<div class=\"elementor-container elementor-column-gap-default\">\n\t\t\t\t\t<div class=\"elementor-column elementor-col-100 elementor-top-column elementor-element elementor-element-017f57e\" data-id=\"017f57e\" data-element_type=\"column\">\n\t\t\t<div class=\"elementor-widget-wrap elementor-element-populated\">\n\t\t\t\t\t\t\t\t<div class=\"elementor-section elementor-inner-section elementor-element elementor-element-2aea37f elementor-section-boxed elementor-section-height-default elementor-section-height-default\" data-id=\"2aea37f\" data-element_type=\"section\">\n\t\t\t\t\t\t<div class=\"elementor-container elementor-column-gap-default\">\n\t\t\t\t\t<div class=\"elementor-column elementor-col-25 elementor-inner-column elementor-element elementor-element-2e614de\" data-id=\"2e614de\" data-element_type=\"column\">\n\t\t\t<div class=\"elementor-widget-wrap elementor-element-populated\">\n\t\t\t\t\t\t\t\t<div class=\"elementor-element elementor-element-d1d0e1d elementor-view-stacked elementor-shape-circle elementor-mobile-position-top elementor-vertical-align-top elementor-widget elementor-widget-icon-box\" data-id=\"d1d0e1d\" data-element_type=\"widget\" data-widget_type=\"icon-box.default\">\n\t\t\t\t<div class=\"elementor-widget-container\">\n\t\t\t<link rel=\"stylesheet\" href=\"http:\/\/www.manzasushi.com.br\/sbc\/wp-content\/plugins\/elementor\/assets\/css\/widget-icon-box.min.css\">\t\t<div class=\"elementor-icon-box-wrapper\">\n\t\t\t\t\t\t<div class=\"elementor-icon-box-icon\">\n\t\t\t\t<span class=\"elementor-icon elementor-animation-\" >\n\t\t\t\t<svg aria-hidden=\"true\" class=\"e-font-icon-svg e-fas-map-marker-alt\" viewBox=\"0 0 384 512\" xmlns=\"http:\/\/www.w3.org\/2000\/svg\"><path d=\"M172.268 501.67C26.97 291.031 0 269.413 0 192 0 85.961 85.961 0 192 0s192 85.961 192 192c0 77.413-26.97 99.031-172.268 309.67-9.535 13.774-29.93 13.773-39.464 0zM192 272c44.183 0 80-35.817 80-80s-35.817-80-80-80-80 35.817-80 80 35.817 80 80 80z\"><\/path><\/svg>\t\t\t\t<\/span>\n\t\t\t<\/div>\n\t\t\t\t\t\t<div class=\"elementor-icon-box-content\">\n\t\t\t\t<h2 class=\"elementor-icon-box-title\">\n\t\t\t\t\t<span  >\n\t\t\t\t\t\tEndere\u00e7o\t\t\t\t\t<\/span>\n\t\t\t\t<\/h2>\n\t\t\t\t\t\t\t\t\t<p class=\"elementor-icon-box-description\">\n\t\t\t\t\t\tRua Ccontinental, 268<\/br> Jardim do Mar<\/br>S\u00e3o Bernardo do Campo\t\t\t\t\t<\/p>\n\t\t\t\t\t\t\t<\/div>\n\t\t<\/div>\n\t\t\t\t<\/div>\n\t\t\t\t<\/div>\n\t\t\t\t\t<\/div>\n\t\t<\/div>\n\t\t\t\t<div class=\"elementor-column elementor-col-25 elementor-inner-column elementor-element elementor-element-a168da2\" data-id=\"a168da2\" data-element_type=\"column\">\n\t\t\t<div class=\"elementor-widget-wrap elementor-element-populated\">\n\t\t\t\t\t\t\t\t<div class=\"elementor-element elementor-element-fc6a1ac elementor-view-stacked elementor-shape-circle elementor-mobile-position-top elementor-vertical-align-top elementor-widget elementor-widget-icon-box\" data-id=\"fc6a1ac\" data-element_type=\"widget\" data-widget_type=\"icon-box.default\">\n\t\t\t\t<div class=\"elementor-widget-container\">\n\t\t\t\t\t<div class=\"elementor-icon-box-wrapper\">\n\t\t\t\t\t\t<div class=\"elementor-icon-box-icon\">\n\t\t\t\t<span class=\"elementor-icon elementor-animation-\" >\n\t\t\t\t<svg aria-hidden=\"true\" class=\"e-font-icon-svg e-fas-phone-alt\" viewBox=\"0 0 512 512\" xmlns=\"http:\/\/www.w3.org\/2000\/svg\"><path d=\"M497.39 361.8l-112-48a24 24 0 0 0-28 6.9l-49.6 60.6A370.66 370.66 0 0 1 130.6 204.11l60.6-49.6a23.94 23.94 0 0 0 6.9-28l-48-112A24.16 24.16 0 0 0 122.6.61l-104 24A24 24 0 0 0 0 48c0 256.5 207.9 464 464 464a24 24 0 0 0 23.4-18.6l24-104a24.29 24.29 0 0 0-14.01-27.6z\"><\/path><\/svg>\t\t\t\t<\/span>\n\t\t\t<\/div>\n\t\t\t\t\t\t<div class=\"elementor-icon-box-content\">\n\t\t\t\t<h2 class=\"elementor-icon-box-title\">\n\t\t\t\t\t<span  >\n\t\t\t\t\t\tTelefone\t\t\t\t\t<\/span>\n\t\t\t\t<\/h2>\n\t\t\t\t\t\t\t\t\t<p class=\"elementor-icon-box-description\">\n\t\t\t\t\t\t11 4103-7582<br>\ncontato@manzasushi.com.br\t\t\t\t\t<\/p>\n\t\t\t\t\t\t\t<\/div>\n\t\t<\/div>\n\t\t\t\t<\/div>\n\t\t\t\t<\/div>\n\t\t\t\t\t<\/div>\n\t\t<\/div>\n\t\t\t\t<div class=\"elementor-column elementor-col-25 elementor-inner-column elementor-element elementor-element-55e3a9d\" data-id=\"55e3a9d\" data-element_type=\"column\">\n\t\t\t<div class=\"elementor-widget-wrap elementor-element-populated\">\n\t\t\t\t\t\t\t\t<div class=\"elementor-element elementor-element-1263fc6 elementor-view-stacked elementor-shape-circle elementor-mobile-position-top elementor-vertical-align-top elementor-widget elementor-widget-icon-box\" data-id=\"1263fc6\" data-element_type=\"widget\" data-widget_type=\"icon-box.default\">\n\t\t\t\t<div class=\"elementor-widget-container\">\n\t\t\t\t\t<div class=\"elementor-icon-box-wrapper\">\n\t\t\t\t\t\t<div class=\"elementor-icon-box-icon\">\n\t\t\t\t<span class=\"elementor-icon elementor-animation-\" >\n\t\t\t\t<svg aria-hidden=\"true\" class=\"e-font-icon-svg e-fas-headset\" viewBox=\"0 0 512 512\" xmlns=\"http:\/\/www.w3.org\/2000\/svg\"><path d=\"M192 208c0-17.67-14.33-32-32-32h-16c-35.35 0-64 28.65-64 64v48c0 35.35 28.65 64 64 64h16c17.67 0 32-14.33 32-32V208zm176 144c35.35 0 64-28.65 64-64v-48c0-35.35-28.65-64-64-64h-16c-17.67 0-32 14.33-32 32v112c0 17.67 14.33 32 32 32h16zM256 0C113.18 0 4.58 118.83 0 256v16c0 8.84 7.16 16 16 16h16c8.84 0 16-7.16 16-16v-16c0-114.69 93.31-208 208-208s208 93.31 208 208h-.12c.08 2.43.12 165.72.12 165.72 0 23.35-18.93 42.28-42.28 42.28H320c0-26.51-21.49-48-48-48h-32c-26.51 0-48 21.49-48 48s21.49 48 48 48h181.72c49.86 0 90.28-40.42 90.28-90.28V256C507.42 118.83 398.82 0 256 0z\"><\/path><\/svg>\t\t\t\t<\/span>\n\t\t\t<\/div>\n\t\t\t\t\t\t<div class=\"elementor-icon-box-content\">\n\t\t\t\t<h2 class=\"elementor-icon-box-title\">\n\t\t\t\t\t<span  >\n\t\t\t\t\t\tSAC Manza Delivery\t\t\t\t\t<\/span>\n\t\t\t\t<\/h2>\n\t\t\t\t\t\t\t\t\t<p class=\"elementor-icon-box-description\">\n\t\t\t\t\t\tFale conosco atrav\u00e9s do n\u00ba:<br>\n11 98971-8382\t\t\t\t\t<\/p>\n\t\t\t\t\t\t\t<\/div>\n\t\t<\/div>\n\t\t\t\t<\/div>\n\t\t\t\t<\/div>\n\t\t\t\t\t<\/div>\n\t\t<\/div>\n\t\t\t\t<div class=\"elementor-column elementor-col-25 elementor-inner-column elementor-element elementor-element-471d45b\" data-id=\"471d45b\" data-element_type=\"column\">\n\t\t\t<div class=\"elementor-widget-wrap elementor-element-populated\">\n\t\t\t\t\t\t\t\t<div class=\"elementor-element elementor-element-a4e2a32 elementor-view-stacked elementor-shape-circle elementor-mobile-position-top elementor-vertical-align-top elementor-widget elementor-widget-icon-box\" data-id=\"a4e2a32\" data-element_type=\"widget\" data-widget_type=\"icon-box.default\">\n\t\t\t\t<div class=\"elementor-widget-container\">\n\t\t\t\t\t<div class=\"elementor-icon-box-wrapper\">\n\t\t\t\t\t\t<div class=\"elementor-icon-box-icon\">\n\t\t\t\t<span class=\"elementor-icon elementor-animation-\" >\n\t\t\t\t<svg aria-hidden=\"true\" class=\"e-font-icon-svg e-fas-clock\" viewBox=\"0 0 512 512\" xmlns=\"http:\/\/www.w3.org\/2000\/svg\"><path d=\"M256,8C119,8,8,119,8,256S119,504,256,504,504,393,504,256,393,8,256,8Zm92.49,313h0l-20,25a16,16,0,0,1-22.49,2.5h0l-67-49.72a40,40,0,0,1-15-31.23V112a16,16,0,0,1,16-16h32a16,16,0,0,1,16,16V256l58,42.5A16,16,0,0,1,348.49,321Z\"><\/path><\/svg>\t\t\t\t<\/span>\n\t\t\t<\/div>\n\t\t\t\t\t\t<div class=\"elementor-icon-box-content\">\n\t\t\t\t<h2 class=\"elementor-icon-box-title\">\n\t\t\t\t\t<span  >\n\t\t\t\t\t\tHor\u00e1rio de Funcionamento\t\t\t\t\t<\/span>\n\t\t\t\t<\/h2>\n\t\t\t\t\t\t\t\t\t<p class=\"elementor-icon-box-description\">\n\t\t\t\t\t\tTer\u00e7a a Sexta<\/br>almo\u00e7o 12h \u00e0s 15h <br>jantar 18h \u00e0s 22h<\/br><\/br>\nS\u00e1bado<\/br>almo\u00e7o 12h \u00e0s 16h<br>jantar 18h \u00e0s 22h<\/br><\/br>\nDomingo - almo\u00e7o 12h \u00e0s 17h\t\t\t\t\t<\/p>\n\t\t\t\t\t\t\t<\/div>\n\t\t<\/div>\n\t\t\t\t<\/div>\n\t\t\t\t<\/div>\n\t\t\t\t\t<\/div>\n\t\t<\/div>\n\t\t\t\t\t\t\t<\/div>\n\t\t<\/div>\n\t\t\t\t\t<\/div>\n\t\t<\/div>\n\t\t\t\t\t\t\t<\/div>\n\t\t<\/div>\n\t\t\t\t<section class=\"elementor-section elementor-top-section elementor-element elementor-element-7c0ab49 elementor-section-boxed elementor-section-height-default elementor-section-height-default\" data-id=\"7c0ab49\" data-element_type=\"section\">\n\t\t\t\t\t\t<div class=\"elementor-container elementor-column-gap-default\">\n\t\t\t\t\t<div class=\"elementor-column elementor-col-50 elementor-top-column elementor-element elementor-element-a45752d appoinment-form-img\" data-id=\"a45752d\" data-element_type=\"column\">\n\t\t\t<div class=\"elementor-widget-wrap elementor-element-populated\">\n\t\t\t\t\t\t\t\t<div class=\"elementor-element elementor-element-9366f48 elementor-widget elementor-widget-image\" data-id=\"9366f48\" data-element_type=\"widget\" data-widget_type=\"image.default\">\n\t\t\t\t<div class=\"elementor-widget-container\">\n\t\t\t<style>\/*! elementor - v3.13.3 - 28-05-2023 *\/\n.elementor-widget-image{text-align:center}.elementor-widget-image a{display:inline-block}.elementor-widget-image a img[src$=\".svg\"]{width:48px}.elementor-widget-image img{vertical-align:middle;display:inline-block}<\/style>\t\t\t\t\t\t\t\t\t\t\t\t<img loading=\"lazy\" decoding=\"async\" width=\"680\" height=\"454\" src=\"http:\/\/www.manzasushi.com.br\/sbc\/wp-content\/uploads\/2023\/06\/HRC6532-Editar.jpg\" class=\"attachment-full size-full wp-image-14671\" alt=\"\" srcset=\"http:\/\/www.manzasushi.com.br\/sbc\/wp-content\/uploads\/2023\/06\/HRC6532-Editar.jpg 680w, http:\/\/www.manzasushi.com.br\/sbc\/wp-content\/uploads\/2023\/06\/HRC6532-Editar-300x200.jpg 300w\" sizes=\"auto, (max-width: 680px) 100vw, 680px\" \/>\t\t\t\t\t\t\t\t\t\t\t\t\t\t\t<\/div>\n\t\t\t\t<\/div>\n\t\t\t\t\t<\/div>\n\t\t<\/div>\n\t\t\t\t<div class=\"elementor-column elementor-col-50 elementor-top-column elementor-element elementor-element-59b3a71 appoinment-form\" data-id=\"59b3a71\" data-element_type=\"column\">\n\t\t\t<div class=\"elementor-widget-wrap elementor-element-populated\">\n\t\t\t\t\t\t\t\t<div class=\"elementor-element elementor-element-d6d829e elementor-widget elementor-widget-heading\" data-id=\"d6d829e\" data-element_type=\"widget\" data-widget_type=\"heading.default\">\n\t\t\t\t<div class=\"elementor-widget-container\">\n\t\t\t<style>\/*! elementor - v3.13.3 - 28-05-2023 *\/\n.elementor-heading-title{padding:0;margin:0;line-height:1}.elementor-widget-heading .elementor-heading-title[class*=elementor-size-]>a{color:inherit;font-size:inherit;line-height:inherit}.elementor-widget-heading .elementor-heading-title.elementor-size-small{font-size:15px}.elementor-widget-heading .elementor-heading-title.elementor-size-medium{font-size:19px}.elementor-widget-heading .elementor-heading-title.elementor-size-large{font-size:29px}.elementor-widget-heading .elementor-heading-title.elementor-size-xl{font-size:39px}.elementor-widget-heading .elementor-heading-title.elementor-size-xxl{font-size:59px}<\/style><h1 class=\"elementor-heading-title elementor-size-default\">Reservas<\/h1>\t\t<\/div>\n\t\t\t\t<\/div>\n\t\t\t\t<div class=\"elementor-element elementor-element-64531b7 elementor-widget elementor-widget-text-editor\" data-id=\"64531b7\" data-element_type=\"widget\" data-widget_type=\"text-editor.default\">\n\t\t\t\t<div class=\"elementor-widget-container\">\n\t\t\t<style>\/*! elementor - v3.13.3 - 28-05-2023 *\/\n.elementor-widget-text-editor.elementor-drop-cap-view-stacked .elementor-drop-cap{background-color:#69727d;color:#fff}.elementor-widget-text-editor.elementor-drop-cap-view-framed .elementor-drop-cap{color:#69727d;border:3px solid;background-color:transparent}.elementor-widget-text-editor:not(.elementor-drop-cap-view-default) .elementor-drop-cap{margin-top:8px}.elementor-widget-text-editor:not(.elementor-drop-cap-view-default) .elementor-drop-cap-letter{width:1em;height:1em}.elementor-widget-text-editor .elementor-drop-cap{float:left;text-align:center;line-height:1;font-size:50px}.elementor-widget-text-editor .elementor-drop-cap-letter{display:inline-block}<\/style>\t\t\t\t<iframe loading=\"lazy\" src=\"https:\/\/widget.getinapp.com.br\/Vkn72KPO\" width=\"100%\" height=\"500\"><\/iframe>\t\t\t\t\t\t<\/div>\n\t\t\t\t<\/div>\n\t\t\t\t\t<\/div>\n\t\t<\/div>\n\t\t\t\t\t\t\t<\/div>\n\t\t<\/section>\n\t\t\t\t<section class=\"elementor-section elementor-top-section elementor-element elementor-element-ab74b43 elementor-section-boxed elementor-section-height-default elementor-section-height-default\" data-id=\"ab74b43\" data-element_type=\"section\">\n\t\t\t\t\t\t<div class=\"elementor-container elementor-column-gap-default\">\n\t\t\t\t\t<div class=\"elementor-column elementor-col-100 elementor-top-column elementor-element elementor-element-6cd6166\" data-id=\"6cd6166\" data-element_type=\"column\">\n\t\t\t<div class=\"elementor-widget-wrap elementor-element-populated\">\n\t\t\t\t\t\t\t\t<div class=\"elementor-element elementor-element-190a1e7 elementor-widget elementor-widget-google_maps\" data-id=\"190a1e7\" data-element_type=\"widget\" data-widget_type=\"google_maps.default\">\n\t\t\t\t<div class=\"elementor-widget-container\">\n\t\t\t<style>\/*! elementor - v3.13.3 - 28-05-2023 *\/\n.elementor-widget-google_maps .elementor-widget-container{overflow:hidden}.elementor-widget-google_maps .elementor-custom-embed{line-height:0}.elementor-widget-google_maps iframe{height:300px}<\/style>\t\t<div class=\"elementor-custom-embed\">\n\t\t\t<iframe loading=\"lazy\"\n\t\t\t\t\tsrc=\"https:\/\/maps.google.com\/maps?q=Rua%20Continental%2C%20268&#038;t=m&#038;z=11&#038;output=embed&#038;iwloc=near\"\n\t\t\t\t\ttitle=\"Rua Continental, 268\"\n\t\t\t\t\taria-label=\"Rua Continental, 268\"\n\t\t\t><\/iframe>\n\t\t<\/div>\n\t\t\t\t<\/div>\n\t\t\t\t<\/div>\n\t\t\t\t\t<\/div>\n\t\t<\/div>\n\t\t\t\t\t\t\t<\/div>\n\t\t<\/section>\n\t\t\t\t\t\t\t<\/div>\n\t\t","protected":false},"excerpt":{"rendered":"<p>Endere\u00e7o Rua Ccontinental, 268 Jardim do MarS\u00e3o Bernardo do Campo Telefone 11 4103-7582 contato@manzasushi.com.br SAC Manza Delivery Fale conosco atrav\u00e9s do n\u00ba: 11 98971-8382 Hor\u00e1rio de Funcionamento Ter\u00e7a a Sextaalmo\u00e7o 12h \u00e0s 15h jantar 18h \u00e0s 22h S\u00e1badoalmo\u00e7o 12h \u00e0s 16hjantar 18h \u00e0s 22h Domingo &#8211; almo\u00e7o 12h \u00e0s 17h Reservas<\/p>\n","protected":false},"author":1,"featured_media":0,"parent":0,"menu_order":0,"comment_status":"closed","ping_status":"closed","template":"","meta":{"_tbt_post_transparent":"","_tbt_post_title":"","_tbt_post_layout":"","_tbt_post_sidebar_id":"","_tbt_post_content_style":"","_tbt_post_vertical_padding":"top","_tbt_post_feature":"","_tbt_post_feature_position":"","_tbt_post_header":false,"_tbt_post_footer":false},"class_list":["post-2450","page","type-page","status-publish","hentry"],"yoast_head":"<!-- This site is optimized with the Yoast SEO plugin v20.9 - https:\/\/yoast.com\/wordpress\/plugins\/seo\/ -->\n<title>Contato - Manza Sushi S\u00e3o Bernardo<\/title>\n<meta name=\"robots\" content=\"index, follow, max-snippet:-1, max-image-preview:large, max-video-preview:-1\" \/>\n<link rel=\"canonical\" href=\"https:\/\/www.manzasushi.com.br\/sbc\/contato\/\" \/>\n<meta property=\"og:locale\" content=\"pt_BR\" \/>\n<meta property=\"og:type\" content=\"article\" \/>\n<meta property=\"og:title\" content=\"Contato - Manza Sushi S\u00e3o Bernardo\" \/>\n<meta property=\"og:description\" content=\"Endere\u00e7o Rua Ccontinental, 268 Jardim do MarS\u00e3o Bernardo do Campo Telefone 11 4103-7582 contato@manzasushi.com.br SAC Manza Delivery Fale conosco atrav\u00e9s do n\u00ba: 11 98971-8382 Hor\u00e1rio de Funcionamento Ter\u00e7a a Sextaalmo\u00e7o 12h \u00e0s 15h jantar 18h \u00e0s 22h S\u00e1badoalmo\u00e7o 12h \u00e0s 16hjantar 18h \u00e0s 22h Domingo &#8211; almo\u00e7o 12h \u00e0s 17h Reservas\" \/>\n<meta property=\"og:url\" content=\"https:\/\/www.manzasushi.com.br\/sbc\/contato\/\" \/>\n<meta property=\"og:site_name\" content=\"Manza Sushi S\u00e3o Bernardo\" \/>\n<meta property=\"article:publisher\" content=\"https:\/\/www.facebook.com\/manzasushibar\" \/>\n<meta property=\"article:modified_time\" content=\"2025-12-01T15:53:45+00:00\" \/>\n<meta property=\"og:image\" content=\"http:\/\/www.manzasushi.com.br\/sbc\/wp-content\/uploads\/2023\/06\/HRC6532-Editar.jpg\" \/>\n<meta name=\"twitter:card\" content=\"summary_large_image\" \/>\n<meta name=\"twitter:label1\" content=\"Est. tempo de leitura\" \/>\n\t<meta name=\"twitter:data1\" content=\"1 minuto\" \/>\n<script type=\"application\/ld+json\" class=\"yoast-schema-graph\">{\"@context\":\"https:\/\/schema.org\",\"@graph\":[{\"@type\":\"WebPage\",\"@id\":\"https:\/\/www.manzasushi.com.br\/sbc\/contato\/\",\"url\":\"https:\/\/www.manzasushi.com.br\/sbc\/contato\/\",\"name\":\"Contato - Manza Sushi S\u00e3o Bernardo\",\"isPartOf\":{\"@id\":\"http:\/\/www.manzasushi.com.br\/sbc\/#website\"},\"datePublished\":\"2021-10-27T16:09:27+00:00\",\"dateModified\":\"2025-12-01T15:53:45+00:00\",\"breadcrumb\":{\"@id\":\"https:\/\/www.manzasushi.com.br\/sbc\/contato\/#breadcrumb\"},\"inLanguage\":\"pt-BR\",\"potentialAction\":[{\"@type\":\"ReadAction\",\"target\":[\"https:\/\/www.manzasushi.com.br\/sbc\/contato\/\"]}]},{\"@type\":\"BreadcrumbList\",\"@id\":\"https:\/\/www.manzasushi.com.br\/sbc\/contato\/#breadcrumb\",\"itemListElement\":[{\"@type\":\"ListItem\",\"position\":1,\"name\":\"In\u00edcio\",\"item\":\"http:\/\/www.manzasushi.com.br\/sbc\/\"},{\"@type\":\"ListItem\",\"position\":2,\"name\":\"Contato\"}]},{\"@type\":\"WebSite\",\"@id\":\"http:\/\/www.manzasushi.com.br\/sbc\/#website\",\"url\":\"http:\/\/www.manzasushi.com.br\/sbc\/\",\"name\":\"Manza Sushi S\u00e3o Bernardo\",\"description\":\"\",\"publisher\":{\"@id\":\"http:\/\/www.manzasushi.com.br\/sbc\/#organization\"},\"potentialAction\":[{\"@type\":\"SearchAction\",\"target\":{\"@type\":\"EntryPoint\",\"urlTemplate\":\"http:\/\/www.manzasushi.com.br\/sbc\/?s={search_term_string}\"},\"query-input\":\"required name=search_term_string\"}],\"inLanguage\":\"pt-BR\"},{\"@type\":\"Organization\",\"@id\":\"http:\/\/www.manzasushi.com.br\/sbc\/#organization\",\"name\":\"Manza Sushi\",\"url\":\"http:\/\/www.manzasushi.com.br\/sbc\/\",\"logo\":{\"@type\":\"ImageObject\",\"inLanguage\":\"pt-BR\",\"@id\":\"http:\/\/www.manzasushi.com.br\/sbc\/#\/schema\/logo\/image\/\",\"url\":\"http:\/\/www.manzasushi.com.br\/sbc\/wp-content\/uploads\/2023\/06\/Logo-Manza.png\",\"contentUrl\":\"http:\/\/www.manzasushi.com.br\/sbc\/wp-content\/uploads\/2023\/06\/Logo-Manza.png\",\"width\":2596,\"height\":654,\"caption\":\"Manza Sushi\"},\"image\":{\"@id\":\"http:\/\/www.manzasushi.com.br\/sbc\/#\/schema\/logo\/image\/\"},\"sameAs\":[\"https:\/\/www.facebook.com\/manzasushibar\",\"https:\/\/www.instagram.com\/manzasushibar\/\"]}]}<\/script>\n<!-- \/ Yoast SEO plugin. -->","yoast_head_json":{"title":"Contato - Manza Sushi S\u00e3o Bernardo","robots":{"index":"index","follow":"follow","max-snippet":"max-snippet:-1","max-image-preview":"max-image-preview:large","max-video-preview":"max-video-preview:-1"},"canonical":"https:\/\/www.manzasushi.com.br\/sbc\/contato\/","og_locale":"pt_BR","og_type":"article","og_title":"Contato - Manza Sushi S\u00e3o Bernardo","og_description":"Endere\u00e7o Rua Ccontinental, 268 Jardim do MarS\u00e3o Bernardo do Campo Telefone 11 4103-7582 contato@manzasushi.com.br SAC Manza Delivery Fale conosco atrav\u00e9s do n\u00ba: 11 98971-8382 Hor\u00e1rio de Funcionamento Ter\u00e7a a Sextaalmo\u00e7o 12h \u00e0s 15h jantar 18h \u00e0s 22h S\u00e1badoalmo\u00e7o 12h \u00e0s 16hjantar 18h \u00e0s 22h Domingo &#8211; almo\u00e7o 12h \u00e0s 17h Reservas","og_url":"https:\/\/www.manzasushi.com.br\/sbc\/contato\/","og_site_name":"Manza Sushi S\u00e3o Bernardo","article_publisher":"https:\/\/www.facebook.com\/manzasushibar","article_modified_time":"2025-12-01T15:53:45+00:00","og_image":[{"url":"http:\/\/www.manzasushi.com.br\/sbc\/wp-content\/uploads\/2023\/06\/HRC6532-Editar.jpg"}],"twitter_card":"summary_large_image","twitter_misc":{"Est. tempo de leitura":"1 minuto"},"schema":{"@context":"https:\/\/schema.org","@graph":[{"@type":"WebPage","@id":"https:\/\/www.manzasushi.com.br\/sbc\/contato\/","url":"https:\/\/www.manzasushi.com.br\/sbc\/contato\/","name":"Contato - Manza Sushi S\u00e3o Bernardo","isPartOf":{"@id":"http:\/\/www.manzasushi.com.br\/sbc\/#website"},"datePublished":"2021-10-27T16:09:27+00:00","dateModified":"2025-12-01T15:53:45+00:00","breadcrumb":{"@id":"https:\/\/www.manzasushi.com.br\/sbc\/contato\/#breadcrumb"},"inLanguage":"pt-BR","potentialAction":[{"@type":"ReadAction","target":["https:\/\/www.manzasushi.com.br\/sbc\/contato\/"]}]},{"@type":"BreadcrumbList","@id":"https:\/\/www.manzasushi.com.br\/sbc\/contato\/#breadcrumb","itemListElement":[{"@type":"ListItem","position":1,"name":"In\u00edcio","item":"http:\/\/www.manzasushi.com.br\/sbc\/"},{"@type":"ListItem","position":2,"name":"Contato"}]},{"@type":"WebSite","@id":"http:\/\/www.manzasushi.com.br\/sbc\/#website","url":"http:\/\/www.manzasushi.com.br\/sbc\/","name":"Manza Sushi S\u00e3o Bernardo","description":"","publisher":{"@id":"http:\/\/www.manzasushi.com.br\/sbc\/#organization"},"potentialAction":[{"@type":"SearchAction","target":{"@type":"EntryPoint","urlTemplate":"http:\/\/www.manzasushi.com.br\/sbc\/?s={search_term_string}"},"query-input":"required name=search_term_string"}],"inLanguage":"pt-BR"},{"@type":"Organization","@id":"http:\/\/www.manzasushi.com.br\/sbc\/#organization","name":"Manza Sushi","url":"http:\/\/www.manzasushi.com.br\/sbc\/","logo":{"@type":"ImageObject","inLanguage":"pt-BR","@id":"http:\/\/www.manzasushi.com.br\/sbc\/#\/schema\/logo\/image\/","url":"http:\/\/www.manzasushi.com.br\/sbc\/wp-content\/uploads\/2023\/06\/Logo-Manza.png","contentUrl":"http:\/\/www.manzasushi.com.br\/sbc\/wp-content\/uploads\/2023\/06\/Logo-Manza.png","width":2596,"height":654,"caption":"Manza Sushi"},"image":{"@id":"http:\/\/www.manzasushi.com.br\/sbc\/#\/schema\/logo\/image\/"},"sameAs":["https:\/\/www.facebook.com\/manzasushibar","https:\/\/www.instagram.com\/manzasushibar\/"]}]}},"_links":{"self":[{"href":"http:\/\/www.manzasushi.com.br\/sbc\/wp-json\/wp\/v2\/pages\/2450","targetHints":{"allow":["GET"]}}],"collection":[{"href":"http:\/\/www.manzasushi.com.br\/sbc\/wp-json\/wp\/v2\/pages"}],"about":[{"href":"http:\/\/www.manzasushi.com.br\/sbc\/wp-json\/wp\/v2\/types\/page"}],"author":[{"embeddable":true,"href":"http:\/\/www.manzasushi.com.br\/sbc\/wp-json\/wp\/v2\/users\/1"}],"replies":[{"embeddable":true,"href":"http:\/\/www.manzasushi.com.br\/sbc\/wp-json\/wp\/v2\/comments?post=2450"}],"version-history":[{"count":46,"href":"http:\/\/www.manzasushi.com.br\/sbc\/wp-json\/wp\/v2\/pages\/2450\/revisions"}],"predecessor-version":[{"id":15287,"href":"http:\/\/www.manzasushi.com.br\/sbc\/wp-json\/wp\/v2\/pages\/2450\/revisions\/15287"}],"wp:attachment":[{"href":"http:\/\/www.manzasushi.com.br\/sbc\/wp-json\/wp\/v2\/media?parent=2450"}],"curies":[{"name":"wp","href":"https:\/\/api.w.org\/{rel}","templated":true}]}}