{"id":13972,"date":"2022-08-02T10:02:13","date_gmt":"2022-08-02T13:02:13","guid":{"rendered":"https:\/\/wp.themedemo.org\/WP02\/WP029\/?page_id=13972"},"modified":"2023-07-27T22:43:55","modified_gmt":"2023-07-28T01:43:55","slug":"eventos","status":"publish","type":"page","link":"http:\/\/www.manzasushi.com.br\/sbc\/eventos\/","title":{"rendered":"Eventos"},"content":{"rendered":"\t\t<div data-elementor-type=\"wp-page\" data-elementor-id=\"13972\" class=\"elementor elementor-13972\">\n\t\t\t\t\t\t\t<div class=\"elementor-element elementor-element-883520b e-con-boxed e-flex e-con\" data-id=\"883520b\" data-element_type=\"container\" data-settings=\"{&quot;content_width&quot;:&quot;boxed&quot;}\">\n\t\t\t\t\t<div class=\"e-con-inner\">\n\t\t<div class=\"elementor-element elementor-element-cf5cf5f e-con-full e-flex e-con\" data-id=\"cf5cf5f\" data-element_type=\"container\" data-settings=\"{&quot;content_width&quot;:&quot;full&quot;}\">\n\t\t\t\t<div class=\"elementor-element elementor-element-6af7a57 elementor-widget elementor-widget-heading\" data-id=\"6af7a57\" data-element_type=\"widget\" data-widget_type=\"heading.default\">\n\t\t\t\t<div class=\"elementor-widget-container\">\n\t\t\t<style>\/*! elementor - v3.13.3 - 28-05-2023 *\/\n.elementor-heading-title{padding:0;margin:0;line-height:1}.elementor-widget-heading .elementor-heading-title[class*=elementor-size-]>a{color:inherit;font-size:inherit;line-height:inherit}.elementor-widget-heading .elementor-heading-title.elementor-size-small{font-size:15px}.elementor-widget-heading .elementor-heading-title.elementor-size-medium{font-size:19px}.elementor-widget-heading .elementor-heading-title.elementor-size-large{font-size:29px}.elementor-widget-heading .elementor-heading-title.elementor-size-xl{font-size:39px}.elementor-widget-heading .elementor-heading-title.elementor-size-xxl{font-size:59px}<\/style><h2 class=\"elementor-heading-title elementor-size-large\">EVENTOS CORPORATIVOS<\/h2>\t\t<\/div>\n\t\t\t\t<\/div>\n\t\t\t\t<div class=\"elementor-element elementor-element-33f3908 elementor-widget elementor-widget-text-editor\" data-id=\"33f3908\" data-element_type=\"widget\" data-widget_type=\"text-editor.default\">\n\t\t\t\t<div class=\"elementor-widget-container\">\n\t\t\t<style>\/*! elementor - v3.13.3 - 28-05-2023 *\/\n.elementor-widget-text-editor.elementor-drop-cap-view-stacked .elementor-drop-cap{background-color:#69727d;color:#fff}.elementor-widget-text-editor.elementor-drop-cap-view-framed .elementor-drop-cap{color:#69727d;border:3px solid;background-color:transparent}.elementor-widget-text-editor:not(.elementor-drop-cap-view-default) .elementor-drop-cap{margin-top:8px}.elementor-widget-text-editor:not(.elementor-drop-cap-view-default) .elementor-drop-cap-letter{width:1em;height:1em}.elementor-widget-text-editor .elementor-drop-cap{float:left;text-align:center;line-height:1;font-size:50px}.elementor-widget-text-editor .elementor-drop-cap-letter{display:inline-block}<\/style>\t\t\t\t<p>Queremos transformar seu evento corporativo em uma experi\u00eancia memor\u00e1vel no Manza Sushi! Seja um almo\u00e7o de neg\u00f3cios, uma comemora\u00e7\u00e3o da empresa ou um encontro com parceiros de neg\u00f3cios, estamos prontos para receb\u00ea-lo com o melhor da gastronomia japonesa e um ambiente sofisticado.<\/p>\t\t\t\t\t\t<\/div>\n\t\t\t\t<\/div>\n\t\t\t\t<\/div>\n\t\t<div class=\"elementor-element elementor-element-a755e74 e-con-full e-flex e-con\" data-id=\"a755e74\" data-element_type=\"container\" data-settings=\"{&quot;content_width&quot;:&quot;full&quot;}\">\n\t\t\t\t<div class=\"elementor-element elementor-element-34ed4fb elementor-widget elementor-widget-image\" data-id=\"34ed4fb\" data-element_type=\"widget\" data-widget_type=\"image.default\">\n\t\t\t\t<div class=\"elementor-widget-container\">\n\t\t\t<style>\/*! elementor - v3.13.3 - 28-05-2023 *\/\n.elementor-widget-image{text-align:center}.elementor-widget-image a{display:inline-block}.elementor-widget-image a img[src$=\".svg\"]{width:48px}.elementor-widget-image img{vertical-align:middle;display:inline-block}<\/style>\t\t\t\t\t\t\t\t\t\t\t\t<img loading=\"lazy\" decoding=\"async\" width=\"1000\" height=\"650\" src=\"http:\/\/www.manzasushi.com.br\/sbc\/wp-content\/uploads\/2023\/07\/1.jpg\" class=\"attachment-large size-large wp-image-14828\" alt=\"\" srcset=\"http:\/\/www.manzasushi.com.br\/sbc\/wp-content\/uploads\/2023\/07\/1.jpg 1000w, http:\/\/www.manzasushi.com.br\/sbc\/wp-content\/uploads\/2023\/07\/1-300x195.jpg 300w, http:\/\/www.manzasushi.com.br\/sbc\/wp-content\/uploads\/2023\/07\/1-768x499.jpg 768w\" sizes=\"auto, (max-width: 1000px) 100vw, 1000px\" \/>\t\t\t\t\t\t\t\t\t\t\t\t\t\t\t<\/div>\n\t\t\t\t<\/div>\n\t\t\t\t<\/div>\n\t\t\t\t\t<\/div>\n\t\t\t\t<\/div>\n\t\t<div class=\"elementor-element elementor-element-35474d4 e-con-boxed e-flex e-con\" data-id=\"35474d4\" data-element_type=\"container\" data-settings=\"{&quot;content_width&quot;:&quot;boxed&quot;}\">\n\t\t\t\t\t<div class=\"e-con-inner\">\n\t\t<div class=\"elementor-element elementor-element-e79a72d e-con-full e-flex e-con\" data-id=\"e79a72d\" data-element_type=\"container\" data-settings=\"{&quot;content_width&quot;:&quot;full&quot;}\">\n\t\t\t\t<div class=\"elementor-element elementor-element-1e4dff9 elementor-widget elementor-widget-image\" data-id=\"1e4dff9\" data-element_type=\"widget\" data-widget_type=\"image.default\">\n\t\t\t\t<div class=\"elementor-widget-container\">\n\t\t\t\t\t\t\t\t\t\t\t\t\t\t\t<img loading=\"lazy\" decoding=\"async\" width=\"1000\" height=\"650\" src=\"http:\/\/www.manzasushi.com.br\/sbc\/wp-content\/uploads\/2023\/07\/2.jpg\" class=\"attachment-large size-large wp-image-14829\" alt=\"\" srcset=\"http:\/\/www.manzasushi.com.br\/sbc\/wp-content\/uploads\/2023\/07\/2.jpg 1000w, http:\/\/www.manzasushi.com.br\/sbc\/wp-content\/uploads\/2023\/07\/2-300x195.jpg 300w, http:\/\/www.manzasushi.com.br\/sbc\/wp-content\/uploads\/2023\/07\/2-768x499.jpg 768w\" sizes=\"auto, (max-width: 1000px) 100vw, 1000px\" \/>\t\t\t\t\t\t\t\t\t\t\t\t\t\t\t<\/div>\n\t\t\t\t<\/div>\n\t\t\t\t<\/div>\n\t\t<div class=\"elementor-element elementor-element-85cba2f e-con-full e-flex e-con\" data-id=\"85cba2f\" data-element_type=\"container\" data-settings=\"{&quot;content_width&quot;:&quot;full&quot;}\">\n\t\t\t\t<div class=\"elementor-element elementor-element-9d47be0 elementor-widget elementor-widget-heading\" data-id=\"9d47be0\" data-element_type=\"widget\" data-widget_type=\"heading.default\">\n\t\t\t\t<div class=\"elementor-widget-container\">\n\t\t\t<h2 class=\"elementor-heading-title elementor-size-large\">CONFRATERNIZA\u00c7\u00d5ES<\/h2>\t\t<\/div>\n\t\t\t\t<\/div>\n\t\t\t\t<div class=\"elementor-element elementor-element-c65cbfb elementor-widget elementor-widget-text-editor\" data-id=\"c65cbfb\" data-element_type=\"widget\" data-widget_type=\"text-editor.default\">\n\t\t\t\t<div class=\"elementor-widget-container\">\n\t\t\t\t\t\t\t<p>Voc\u00ea j\u00e1 experimentou aquelas ocasi\u00f5es inesquec\u00edveis entre amigos e familiares que ficam gravadas na mem\u00f3ria? Pois \u00e9 exatamente isso que voc\u00ea encontrar\u00e1 no Manza Sushi. Com um ambiente acolhedor e uma gastronomia de sabores praticamente impec\u00e1veis, \u00e9 imposs\u00edvel esquecer esses momentos especiais. Traga sua confraterniza\u00e7\u00e3o para nosso sal\u00e3o e experimente a verdadeira felicidade, criando mem\u00f3rias maravilhosas.<\/p>\t\t\t\t\t\t<\/div>\n\t\t\t\t<\/div>\n\t\t\t\t<\/div>\n\t\t\t\t\t<\/div>\n\t\t\t\t<\/div>\n\t\t<div class=\"elementor-element elementor-element-ef92f6f e-con-boxed e-flex e-con\" data-id=\"ef92f6f\" data-element_type=\"container\" data-settings=\"{&quot;content_width&quot;:&quot;boxed&quot;}\">\n\t\t\t\t\t<div class=\"e-con-inner\">\n\t\t<div class=\"elementor-element elementor-element-e88e5df e-con-full e-flex e-con\" data-id=\"e88e5df\" data-element_type=\"container\" data-settings=\"{&quot;content_width&quot;:&quot;full&quot;}\">\n\t\t\t\t<div class=\"elementor-element elementor-element-71547f8 elementor-widget elementor-widget-heading\" data-id=\"71547f8\" data-element_type=\"widget\" data-widget_type=\"heading.default\">\n\t\t\t\t<div class=\"elementor-widget-container\">\n\t\t\t<h2 class=\"elementor-heading-title elementor-size-large\">ANIVERS\u00c1RIOS<\/h2>\t\t<\/div>\n\t\t\t\t<\/div>\n\t\t\t\t<div class=\"elementor-element elementor-element-e974d1e elementor-widget elementor-widget-text-editor\" data-id=\"e974d1e\" data-element_type=\"widget\" data-widget_type=\"text-editor.default\">\n\t\t\t\t<div class=\"elementor-widget-container\">\n\t\t\t\t\t\t\t<p>A celebra\u00e7\u00e3o da chegada de um novo ano de vida, sem d\u00favida, merece uma festa grandiosa. E para complementar esse momento especial, al\u00e9m de um ambiente elegante e acolhedor, nada melhor do que desfrutar das del\u00edcias do Rod\u00edzio no Manza Sushi. Nosso restaurante est\u00e1 completamente \u00e0 disposi\u00e7\u00e3o para receber voc\u00ea, o aniversariante, e seus convidados, permitindo que voc\u00ea celebre seu dia em grande estilo!<\/p>\t\t\t\t\t\t<\/div>\n\t\t\t\t<\/div>\n\t\t\t\t<\/div>\n\t\t<div class=\"elementor-element elementor-element-6d87deb e-con-full e-flex e-con\" data-id=\"6d87deb\" data-element_type=\"container\" data-settings=\"{&quot;content_width&quot;:&quot;full&quot;}\">\n\t\t\t\t<div class=\"elementor-element elementor-element-dbc93db elementor-widget elementor-widget-image\" data-id=\"dbc93db\" data-element_type=\"widget\" data-widget_type=\"image.default\">\n\t\t\t\t<div class=\"elementor-widget-container\">\n\t\t\t\t\t\t\t\t\t\t\t\t\t\t\t<img loading=\"lazy\" decoding=\"async\" width=\"1000\" height=\"650\" src=\"http:\/\/www.manzasushi.com.br\/sbc\/wp-content\/uploads\/2023\/07\/3.jpg\" class=\"attachment-large size-large wp-image-14830\" alt=\"\" srcset=\"http:\/\/www.manzasushi.com.br\/sbc\/wp-content\/uploads\/2023\/07\/3.jpg 1000w, http:\/\/www.manzasushi.com.br\/sbc\/wp-content\/uploads\/2023\/07\/3-300x195.jpg 300w, http:\/\/www.manzasushi.com.br\/sbc\/wp-content\/uploads\/2023\/07\/3-768x499.jpg 768w\" sizes=\"auto, (max-width: 1000px) 100vw, 1000px\" \/>\t\t\t\t\t\t\t\t\t\t\t\t\t\t\t<\/div>\n\t\t\t\t<\/div>\n\t\t\t\t<\/div>\n\t\t\t\t\t<\/div>\n\t\t\t\t<\/div>\n\t\t<div class=\"elementor-element elementor-element-f6a6d16 e-con-boxed e-flex e-con\" data-id=\"f6a6d16\" data-element_type=\"container\" data-settings=\"{&quot;content_width&quot;:&quot;boxed&quot;}\">\n\t\t\t\t\t<div class=\"e-con-inner\">\n\t\t<div class=\"elementor-element elementor-element-ca8d2b6 e-con-full e-flex e-con\" data-id=\"ca8d2b6\" data-element_type=\"container\" data-settings=\"{&quot;content_width&quot;:&quot;full&quot;}\">\n\t\t\t\t<div class=\"elementor-element elementor-element-35674ce elementor-widget elementor-widget-image\" data-id=\"35674ce\" data-element_type=\"widget\" data-widget_type=\"image.default\">\n\t\t\t\t<div class=\"elementor-widget-container\">\n\t\t\t\t\t\t\t\t\t\t\t\t\t\t\t<img loading=\"lazy\" decoding=\"async\" width=\"1000\" height=\"650\" src=\"http:\/\/www.manzasushi.com.br\/sbc\/wp-content\/uploads\/2023\/07\/4.jpg\" class=\"attachment-large size-large wp-image-14835\" alt=\"\" srcset=\"http:\/\/www.manzasushi.com.br\/sbc\/wp-content\/uploads\/2023\/07\/4.jpg 1000w, http:\/\/www.manzasushi.com.br\/sbc\/wp-content\/uploads\/2023\/07\/4-300x195.jpg 300w, http:\/\/www.manzasushi.com.br\/sbc\/wp-content\/uploads\/2023\/07\/4-768x499.jpg 768w\" sizes=\"auto, (max-width: 1000px) 100vw, 1000px\" \/>\t\t\t\t\t\t\t\t\t\t\t\t\t\t\t<\/div>\n\t\t\t\t<\/div>\n\t\t\t\t<\/div>\n\t\t<div class=\"elementor-element elementor-element-f3e1fa8 e-con-full e-flex e-con\" data-id=\"f3e1fa8\" data-element_type=\"container\" data-settings=\"{&quot;content_width&quot;:&quot;full&quot;}\">\n\t\t\t\t<div class=\"elementor-element elementor-element-054c7e7 elementor-widget elementor-widget-heading\" data-id=\"054c7e7\" data-element_type=\"widget\" data-widget_type=\"heading.default\">\n\t\t\t\t<div class=\"elementor-widget-container\">\n\t\t\t<h2 class=\"elementor-heading-title elementor-size-large\">CASAMENTOS\/BODAS\u200b<\/h2>\t\t<\/div>\n\t\t\t\t<\/div>\n\t\t\t\t<div class=\"elementor-element elementor-element-b259e0f elementor-widget elementor-widget-text-editor\" data-id=\"b259e0f\" data-element_type=\"widget\" data-widget_type=\"text-editor.default\">\n\t\t\t\t<div class=\"elementor-widget-container\">\n\t\t\t\t\t\t\t<p>Em uma celebra\u00e7\u00e3o de casamento elegante, \u00e9 essencial ter um card\u00e1pio sofisticado com entradas, pratos principais e sobremesas de sabores \u00fanicos. E \u00e9 exatamente isso que o Manza Sushi oferece para garantir a plena satisfa\u00e7\u00e3o do casal e de seus convidados. Realize sua festa de casamento, noivado ou renova\u00e7\u00e3o de votos em nosso sal\u00e3o e proporcione a todos os presentes uma experi\u00eancia que ir\u00e1 elevar ainda mais este momento t\u00e3o especial.<\/p>\t\t\t\t\t\t<\/div>\n\t\t\t\t<\/div>\n\t\t\t\t<\/div>\n\t\t\t\t\t<\/div>\n\t\t\t\t<\/div>\n\t\t<div class=\"elementor-element elementor-element-03c2f63 e-con-boxed e-flex e-con\" data-id=\"03c2f63\" data-element_type=\"container\" data-settings=\"{&quot;content_width&quot;:&quot;boxed&quot;}\">\n\t\t\t\t\t<div class=\"e-con-inner\">\n\t\t<div class=\"elementor-element elementor-element-973a88f e-con-full e-flex e-con\" data-id=\"973a88f\" data-element_type=\"container\" data-settings=\"{&quot;content_width&quot;:&quot;full&quot;}\">\n\t\t\t\t<div class=\"elementor-element elementor-element-74fb385 elementor-widget elementor-widget-heading\" data-id=\"74fb385\" data-element_type=\"widget\" data-widget_type=\"heading.default\">\n\t\t\t\t<div class=\"elementor-widget-container\">\n\t\t\t<h2 class=\"elementor-heading-title elementor-size-large\">CANOA DE SUSHI<\/h2>\t\t<\/div>\n\t\t\t\t<\/div>\n\t\t\t\t<div class=\"elementor-element elementor-element-5dc1a9f elementor-widget elementor-widget-text-editor\" data-id=\"5dc1a9f\" data-element_type=\"widget\" data-widget_type=\"text-editor.default\">\n\t\t\t\t<div class=\"elementor-widget-container\">\n\t\t\t\t\t\t\t<p>Que tal trazer a experi\u00eancia do Manza Sushi diretamente para a sua casa ou empresa? Com o nosso servi\u00e7o de Canoa de Sushi, voc\u00ea e seus convidados podem desfrutar de uma variedade de sushis frescos e deliciosos, cuidadosamente preparados pelos nossos talentosos chefs.<\/p><p>A Canoa de Sushi \u00e9 uma op\u00e7\u00e3o perfeita para diversas ocasi\u00f5es: desde encontros \u00edntimos com amigos e familiares at\u00e9 festas de anivers\u00e1rio e comemora\u00e7\u00f5es especiais. N\u00f3s levamos at\u00e9 voc\u00ea a autenticidade da culin\u00e1ria japonesa, com uma apresenta\u00e7\u00e3o impec\u00e1vel que ir\u00e1 encantar a todos.<\/p><p>Com o nosso servi\u00e7o, voc\u00ea pode personalizar a sua canoa de acordo com suas prefer\u00eancias e n\u00famero de convidados. Escolha entre uma variedade de sashimis frescos, sushis criativos e pe\u00e7as especiais, acompanhados de acompanhamentos e guarni\u00e7\u00f5es que real\u00e7am ainda mais os sabores.<\/p>\t\t\t\t\t\t<\/div>\n\t\t\t\t<\/div>\n\t\t\t\t<\/div>\n\t\t<div class=\"elementor-element elementor-element-d23d999 e-con-full e-flex e-con\" data-id=\"d23d999\" data-element_type=\"container\" data-settings=\"{&quot;content_width&quot;:&quot;full&quot;}\">\n\t\t\t\t<div class=\"elementor-element elementor-element-8e6e7a3 elementor-widget elementor-widget-image\" data-id=\"8e6e7a3\" data-element_type=\"widget\" data-widget_type=\"image.default\">\n\t\t\t\t<div class=\"elementor-widget-container\">\n\t\t\t\t\t\t\t\t\t\t\t\t\t\t\t<img loading=\"lazy\" decoding=\"async\" width=\"1000\" height=\"650\" src=\"http:\/\/www.manzasushi.com.br\/sbc\/wp-content\/uploads\/2023\/07\/5.jpg\" class=\"attachment-large size-large wp-image-14831\" alt=\"\" srcset=\"http:\/\/www.manzasushi.com.br\/sbc\/wp-content\/uploads\/2023\/07\/5.jpg 1000w, http:\/\/www.manzasushi.com.br\/sbc\/wp-content\/uploads\/2023\/07\/5-300x195.jpg 300w, http:\/\/www.manzasushi.com.br\/sbc\/wp-content\/uploads\/2023\/07\/5-768x499.jpg 768w\" sizes=\"auto, (max-width: 1000px) 100vw, 1000px\" \/>\t\t\t\t\t\t\t\t\t\t\t\t\t\t\t<\/div>\n\t\t\t\t<\/div>\n\t\t\t\t<\/div>\n\t\t\t\t\t<\/div>\n\t\t\t\t<\/div>\n\t\t\t\t\t\t\t<\/div>\n\t\t","protected":false},"excerpt":{"rendered":"<p>EVENTOS CORPORATIVOS Queremos transformar seu evento corporativo em uma experi\u00eancia memor\u00e1vel no Manza Sushi! Seja um almo\u00e7o de neg\u00f3cios, uma comemora\u00e7\u00e3o da empresa ou um encontro com parceiros de neg\u00f3cios, estamos prontos para receb\u00ea-lo com o melhor da gastronomia japonesa e um ambiente sofisticado. CONFRATERNIZA\u00c7\u00d5ES Voc\u00ea j\u00e1 experimentou aquelas ocasi\u00f5es inesquec\u00edveis entre amigos e familiares&#8230;<\/p>\n","protected":false},"author":1,"featured_media":0,"parent":0,"menu_order":0,"comment_status":"closed","ping_status":"closed","template":"","meta":{"_tbt_post_transparent":"","_tbt_post_title":"default","_tbt_post_layout":"normal","_tbt_post_sidebar_id":"","_tbt_post_content_style":"unboxed","_tbt_post_vertical_padding":"hide","_tbt_post_feature":"hide","_tbt_post_feature_position":"","_tbt_post_header":false,"_tbt_post_footer":false},"class_list":["post-13972","page","type-page","status-publish","hentry"],"yoast_head":"<!-- This site is optimized with the Yoast SEO plugin v20.9 - https:\/\/yoast.com\/wordpress\/plugins\/seo\/ -->\n<title>Eventos - Manza Sushi S\u00e3o Bernardo<\/title>\n<meta name=\"robots\" content=\"index, follow, max-snippet:-1, max-image-preview:large, max-video-preview:-1\" \/>\n<link rel=\"canonical\" href=\"https:\/\/www.manzasushi.com.br\/sbc\/eventos\/\" \/>\n<meta property=\"og:locale\" content=\"pt_BR\" \/>\n<meta property=\"og:type\" content=\"article\" \/>\n<meta property=\"og:title\" content=\"Eventos - Manza Sushi S\u00e3o Bernardo\" \/>\n<meta property=\"og:description\" content=\"EVENTOS CORPORATIVOS Queremos transformar seu evento corporativo em uma experi\u00eancia memor\u00e1vel no Manza Sushi! Seja um almo\u00e7o de neg\u00f3cios, uma comemora\u00e7\u00e3o da empresa ou um encontro com parceiros de neg\u00f3cios, estamos prontos para receb\u00ea-lo com o melhor da gastronomia japonesa e um ambiente sofisticado. CONFRATERNIZA\u00c7\u00d5ES Voc\u00ea j\u00e1 experimentou aquelas ocasi\u00f5es inesquec\u00edveis entre amigos e familiares...\" \/>\n<meta property=\"og:url\" content=\"https:\/\/www.manzasushi.com.br\/sbc\/eventos\/\" \/>\n<meta property=\"og:site_name\" content=\"Manza Sushi S\u00e3o Bernardo\" \/>\n<meta property=\"article:publisher\" content=\"https:\/\/www.facebook.com\/manzasushibar\" \/>\n<meta property=\"article:modified_time\" content=\"2023-07-28T01:43:55+00:00\" \/>\n<meta property=\"og:image\" content=\"http:\/\/www.manzasushi.com.br\/sbc\/wp-content\/uploads\/2023\/07\/1.jpg\" \/>\n<meta name=\"twitter:card\" content=\"summary_large_image\" \/>\n<meta name=\"twitter:label1\" content=\"Est. tempo de leitura\" \/>\n\t<meta name=\"twitter:data1\" content=\"4 minutos\" \/>\n<script type=\"application\/ld+json\" class=\"yoast-schema-graph\">{\"@context\":\"https:\/\/schema.org\",\"@graph\":[{\"@type\":\"WebPage\",\"@id\":\"https:\/\/www.manzasushi.com.br\/sbc\/eventos\/\",\"url\":\"https:\/\/www.manzasushi.com.br\/sbc\/eventos\/\",\"name\":\"Eventos - Manza Sushi S\u00e3o Bernardo\",\"isPartOf\":{\"@id\":\"http:\/\/www.manzasushi.com.br\/sbc\/#website\"},\"datePublished\":\"2022-08-02T13:02:13+00:00\",\"dateModified\":\"2023-07-28T01:43:55+00:00\",\"breadcrumb\":{\"@id\":\"https:\/\/www.manzasushi.com.br\/sbc\/eventos\/#breadcrumb\"},\"inLanguage\":\"pt-BR\",\"potentialAction\":[{\"@type\":\"ReadAction\",\"target\":[\"https:\/\/www.manzasushi.com.br\/sbc\/eventos\/\"]}]},{\"@type\":\"BreadcrumbList\",\"@id\":\"https:\/\/www.manzasushi.com.br\/sbc\/eventos\/#breadcrumb\",\"itemListElement\":[{\"@type\":\"ListItem\",\"position\":1,\"name\":\"In\u00edcio\",\"item\":\"http:\/\/www.manzasushi.com.br\/sbc\/\"},{\"@type\":\"ListItem\",\"position\":2,\"name\":\"Eventos\"}]},{\"@type\":\"WebSite\",\"@id\":\"http:\/\/www.manzasushi.com.br\/sbc\/#website\",\"url\":\"http:\/\/www.manzasushi.com.br\/sbc\/\",\"name\":\"Manza Sushi S\u00e3o Bernardo\",\"description\":\"\",\"publisher\":{\"@id\":\"http:\/\/www.manzasushi.com.br\/sbc\/#organization\"},\"potentialAction\":[{\"@type\":\"SearchAction\",\"target\":{\"@type\":\"EntryPoint\",\"urlTemplate\":\"http:\/\/www.manzasushi.com.br\/sbc\/?s={search_term_string}\"},\"query-input\":\"required name=search_term_string\"}],\"inLanguage\":\"pt-BR\"},{\"@type\":\"Organization\",\"@id\":\"http:\/\/www.manzasushi.com.br\/sbc\/#organization\",\"name\":\"Manza Sushi\",\"url\":\"http:\/\/www.manzasushi.com.br\/sbc\/\",\"logo\":{\"@type\":\"ImageObject\",\"inLanguage\":\"pt-BR\",\"@id\":\"http:\/\/www.manzasushi.com.br\/sbc\/#\/schema\/logo\/image\/\",\"url\":\"http:\/\/www.manzasushi.com.br\/sbc\/wp-content\/uploads\/2023\/06\/Logo-Manza.png\",\"contentUrl\":\"http:\/\/www.manzasushi.com.br\/sbc\/wp-content\/uploads\/2023\/06\/Logo-Manza.png\",\"width\":2596,\"height\":654,\"caption\":\"Manza Sushi\"},\"image\":{\"@id\":\"http:\/\/www.manzasushi.com.br\/sbc\/#\/schema\/logo\/image\/\"},\"sameAs\":[\"https:\/\/www.facebook.com\/manzasushibar\",\"https:\/\/www.instagram.com\/manzasushibar\/\"]}]}<\/script>\n<!-- \/ Yoast SEO plugin. -->","yoast_head_json":{"title":"Eventos - Manza Sushi S\u00e3o Bernardo","robots":{"index":"index","follow":"follow","max-snippet":"max-snippet:-1","max-image-preview":"max-image-preview:large","max-video-preview":"max-video-preview:-1"},"canonical":"https:\/\/www.manzasushi.com.br\/sbc\/eventos\/","og_locale":"pt_BR","og_type":"article","og_title":"Eventos - Manza Sushi S\u00e3o Bernardo","og_description":"EVENTOS CORPORATIVOS Queremos transformar seu evento corporativo em uma experi\u00eancia memor\u00e1vel no Manza Sushi! Seja um almo\u00e7o de neg\u00f3cios, uma comemora\u00e7\u00e3o da empresa ou um encontro com parceiros de neg\u00f3cios, estamos prontos para receb\u00ea-lo com o melhor da gastronomia japonesa e um ambiente sofisticado. CONFRATERNIZA\u00c7\u00d5ES Voc\u00ea j\u00e1 experimentou aquelas ocasi\u00f5es inesquec\u00edveis entre amigos e familiares...","og_url":"https:\/\/www.manzasushi.com.br\/sbc\/eventos\/","og_site_name":"Manza Sushi S\u00e3o Bernardo","article_publisher":"https:\/\/www.facebook.com\/manzasushibar","article_modified_time":"2023-07-28T01:43:55+00:00","og_image":[{"url":"http:\/\/www.manzasushi.com.br\/sbc\/wp-content\/uploads\/2023\/07\/1.jpg"}],"twitter_card":"summary_large_image","twitter_misc":{"Est. tempo de leitura":"4 minutos"},"schema":{"@context":"https:\/\/schema.org","@graph":[{"@type":"WebPage","@id":"https:\/\/www.manzasushi.com.br\/sbc\/eventos\/","url":"https:\/\/www.manzasushi.com.br\/sbc\/eventos\/","name":"Eventos - Manza Sushi S\u00e3o Bernardo","isPartOf":{"@id":"http:\/\/www.manzasushi.com.br\/sbc\/#website"},"datePublished":"2022-08-02T13:02:13+00:00","dateModified":"2023-07-28T01:43:55+00:00","breadcrumb":{"@id":"https:\/\/www.manzasushi.com.br\/sbc\/eventos\/#breadcrumb"},"inLanguage":"pt-BR","potentialAction":[{"@type":"ReadAction","target":["https:\/\/www.manzasushi.com.br\/sbc\/eventos\/"]}]},{"@type":"BreadcrumbList","@id":"https:\/\/www.manzasushi.com.br\/sbc\/eventos\/#breadcrumb","itemListElement":[{"@type":"ListItem","position":1,"name":"In\u00edcio","item":"http:\/\/www.manzasushi.com.br\/sbc\/"},{"@type":"ListItem","position":2,"name":"Eventos"}]},{"@type":"WebSite","@id":"http:\/\/www.manzasushi.com.br\/sbc\/#website","url":"http:\/\/www.manzasushi.com.br\/sbc\/","name":"Manza Sushi S\u00e3o Bernardo","description":"","publisher":{"@id":"http:\/\/www.manzasushi.com.br\/sbc\/#organization"},"potentialAction":[{"@type":"SearchAction","target":{"@type":"EntryPoint","urlTemplate":"http:\/\/www.manzasushi.com.br\/sbc\/?s={search_term_string}"},"query-input":"required name=search_term_string"}],"inLanguage":"pt-BR"},{"@type":"Organization","@id":"http:\/\/www.manzasushi.com.br\/sbc\/#organization","name":"Manza Sushi","url":"http:\/\/www.manzasushi.com.br\/sbc\/","logo":{"@type":"ImageObject","inLanguage":"pt-BR","@id":"http:\/\/www.manzasushi.com.br\/sbc\/#\/schema\/logo\/image\/","url":"http:\/\/www.manzasushi.com.br\/sbc\/wp-content\/uploads\/2023\/06\/Logo-Manza.png","contentUrl":"http:\/\/www.manzasushi.com.br\/sbc\/wp-content\/uploads\/2023\/06\/Logo-Manza.png","width":2596,"height":654,"caption":"Manza Sushi"},"image":{"@id":"http:\/\/www.manzasushi.com.br\/sbc\/#\/schema\/logo\/image\/"},"sameAs":["https:\/\/www.facebook.com\/manzasushibar","https:\/\/www.instagram.com\/manzasushibar\/"]}]}},"_links":{"self":[{"href":"http:\/\/www.manzasushi.com.br\/sbc\/wp-json\/wp\/v2\/pages\/13972","targetHints":{"allow":["GET"]}}],"collection":[{"href":"http:\/\/www.manzasushi.com.br\/sbc\/wp-json\/wp\/v2\/pages"}],"about":[{"href":"http:\/\/www.manzasushi.com.br\/sbc\/wp-json\/wp\/v2\/types\/page"}],"author":[{"embeddable":true,"href":"http:\/\/www.manzasushi.com.br\/sbc\/wp-json\/wp\/v2\/users\/1"}],"replies":[{"embeddable":true,"href":"http:\/\/www.manzasushi.com.br\/sbc\/wp-json\/wp\/v2\/comments?post=13972"}],"version-history":[{"count":34,"href":"http:\/\/www.manzasushi.com.br\/sbc\/wp-json\/wp\/v2\/pages\/13972\/revisions"}],"predecessor-version":[{"id":15206,"href":"http:\/\/www.manzasushi.com.br\/sbc\/wp-json\/wp\/v2\/pages\/13972\/revisions\/15206"}],"wp:attachment":[{"href":"http:\/\/www.manzasushi.com.br\/sbc\/wp-json\/wp\/v2\/media?parent=13972"}],"curies":[{"name":"wp","href":"https:\/\/api.w.org\/{rel}","templated":true}]}}